{"id":3251,"date":"2024-05-06T13:42:50","date_gmt":"2024-05-06T13:42:50","guid":{"rendered":"https:\/\/wptf.themepul.co\/restly\/?page_id=3251"},"modified":"2024-05-06T13:45:25","modified_gmt":"2024-05-06T13:45:25","slug":"inicio","status":"publish","type":"page","link":"https:\/\/eurosolutions.implementgroup.co.mz\/","title":{"rendered":"In\u00edcio"},"content":{"rendered":"\t\t<div data-elementor-type=\"wp-page\" data-elementor-id=\"3251\" class=\"elementor elementor-3251\" data-elementor-post-type=\"page\">\n\t\t\t\t\t\t\t\t\t<section class=\"elementor-section elementor-top-section elementor-element elementor-element-42f0ab7 elementor-section-full_width elementor-section-stretched elementor-section-height-default elementor-section-height-default\" data-id=\"42f0ab7\" data-element_type=\"section\" id=\"home-four\" data-settings=\"{&quot;stretch_section&quot;:&quot;section-stretched&quot;}\">\n\t\t\t\t\t\t<div class=\"elementor-container elementor-column-gap-no\">\n\t\t\t\t\t<div class=\"elementor-column elementor-col-100 elementor-top-column elementor-element elementor-element-a9a10fd\" data-id=\"a9a10fd\" data-element_type=\"column\">\n\t\t\t<div class=\"elementor-widget-wrap elementor-element-populated\">\n\t\t\t\t\t\t\t\t<div class=\"elementor-element elementor-element-2e0d998 elementor-widget elementor-widget-restly-home-banner-two\" data-id=\"2e0d998\" data-element_type=\"widget\" data-widget_type=\"restly-home-banner-two.default\">\n\t\t\t\t<div class=\"elementor-widget-container\">\n\t\t\t\t\t<div class=\"restly-home-banner-wrapper banner-two\">\r\n\t\t\t<div class=\"restly-home-banner\" style=\"background-image:url( https:\/\/eurosolutions.implementgroup.co.mz\/wp-content\/uploads\/2024\/05\/HOME.jpg )\">\r\n\t\t\t\t<div class=\"container restly-home-banner-container\">\r\n\t\t\t\t\t<div class=\"row\">\r\n\t\t\t\t\t\t<div class=\"col-12 col-sm-12 col-md-7 col-lg-8 column-width\">\r\n\t\t\t\t\t\t\t<div class=\"restly-home-banner-contents\">\r\n\t\t\t\t\t\t\t<h6 class=\"restly-banner-stitle\">Empodere seu neg\u00f3cio<\/h6>\r\n\t\t\t\t\t\t\t<h2 class=\"restly-banner-title\">Servi\u00e7os de Procurement excelentes para o seu sucesso!<\/h2>\r\n\t\t\t\t\t\t\t\t<div class=\"restly-home-banner-btn\">\r\n\t\t\t\t\t\t\t\t\t<a href=\"https:\/\/eurosolutions.co.mz\/index.php\/sobre\/\" class=\"theme-btns\">Sobre N\u00f3s<\/a>\r\n\t\t\t\t\t\t\t\t\t\t\t\t\t\t\t\t\t\t<a href=\"https:\/\/eurosolutions.co.mz\/index.php\/servicos\/\" class=\"theme-btns no-bg\">Nossos Servi\u00e7os<\/a>\r\n\t\t\t\t\t\t\t\t\t\t\t\t\t\t\t\t\t<\/div>\r\n\t\t\t\t\t\t\t<\/div>\r\n\t\t\t\t\t\t<\/div>\r\n\t\t\t\t\t\t\t\t\t\t\t<\/div>\r\n\t\t\t\t<\/div>\r\n\t\t\t<\/div>\r\n\t\t<\/div>\r\n\t\t\t\t<\/div>\n\t\t\t\t<\/div>\n\t\t\t\t\t<\/div>\n\t\t<\/div>\n\t\t\t\t\t\t\t<\/div>\n\t\t<\/section>\n\t\t\t\t\t\t\t<\/div>\n\t\t","protected":false},"excerpt":{"rendered":"<p>Empodere seu neg\u00f3cio Servi\u00e7os de Procurement excelentes para o seu sucesso! Sobre N\u00f3s Nossos Servi\u00e7os<\/p>\n","protected":false},"author":1,"featured_media":0,"parent":0,"menu_order":0,"comment_status":"closed","ping_status":"closed","template":"template-home.php","meta":{"footnotes":""},"yoast_head":"<!-- This site is optimized with the Yoast SEO Premium plugin v20.11 (Yoast SEO v20.11) - https:\/\/yoast.com\/wordpress\/plugins\/seo\/ -->\n<title>In\u00edcio - Euro Solutions<\/title>\n<meta name=\"description\" content=\"A Euro Solutions \u00e9 uma empresa Mo\u00e7ambicana,que actua no mercado desde 2019 no fornecimento de material inform\u00e1tico, electrodom\u00e9sticos, electr\u00f4nicos, consolas, celulares, sistemas e entre outros produtos, lidando tamb\u00e9m com a presta\u00e7\u00e3o de servi\u00e7os de montagem e manuten\u00e7\u00f5es de ar condicionados.\" \/>\n<meta name=\"robots\" content=\"index, follow, max-snippet:-1, max-image-preview:large, max-video-preview:-1\" \/>\n<link rel=\"canonical\" href=\"https:\/\/eurosolutions.implementgroup.co.mz\/\" \/>\n<meta property=\"og:locale\" content=\"en_US\" \/>\n<meta property=\"og:type\" content=\"article\" \/>\n<meta property=\"og:title\" content=\"In\u00edcio - Euro Solutions\" \/>\n<meta property=\"og:description\" content=\"A Euro Solutions \u00e9 uma empresa Mo\u00e7ambicana,que actua no mercado desde 2019 no fornecimento de material inform\u00e1tico, electrodom\u00e9sticos, electr\u00f4nicos, consolas, celulares, sistemas e entre outros produtos, lidando tamb\u00e9m com a presta\u00e7\u00e3o de servi\u00e7os de montagem e manuten\u00e7\u00f5es de ar condicionados.\" \/>\n<meta property=\"og:url\" content=\"https:\/\/eurosolutions.implementgroup.co.mz\/\" \/>\n<meta property=\"og:site_name\" content=\"Euro Solutions\" \/>\n<meta property=\"article:modified_time\" content=\"2024-05-06T13:45:25+00:00\" \/>\n<meta name=\"twitter:card\" content=\"summary_large_image\" \/>\n<meta name=\"twitter:label1\" content=\"Est. reading time\" \/>\n\t<meta name=\"twitter:data1\" content=\"1 minute\" \/>\n<script type=\"application\/ld+json\" class=\"yoast-schema-graph\">{\"@context\":\"https:\/\/schema.org\",\"@graph\":[{\"@type\":\"WebPage\",\"@id\":\"https:\/\/eurosolutions.implementgroup.co.mz\/\",\"url\":\"https:\/\/eurosolutions.implementgroup.co.mz\/\",\"name\":\"In\u00edcio - Euro Solutions\",\"isPartOf\":{\"@id\":\"https:\/\/eurosolutions.implementgroup.co.mz\/#website\"},\"datePublished\":\"2024-05-06T13:42:50+00:00\",\"dateModified\":\"2024-05-06T13:45:25+00:00\",\"description\":\"A Euro Solutions \u00e9 uma empresa Mo\u00e7ambicana,que actua no mercado desde 2019 no fornecimento de material inform\u00e1tico, electrodom\u00e9sticos, electr\u00f4nicos, consolas, celulares, sistemas e entre outros produtos, lidando tamb\u00e9m com a presta\u00e7\u00e3o de servi\u00e7os de montagem e manuten\u00e7\u00f5es de ar condicionados.\",\"inLanguage\":\"en-US\",\"potentialAction\":[{\"@type\":\"ReadAction\",\"target\":[\"https:\/\/eurosolutions.implementgroup.co.mz\/\"]}]},{\"@type\":\"WebSite\",\"@id\":\"https:\/\/eurosolutions.implementgroup.co.mz\/#website\",\"url\":\"https:\/\/eurosolutions.implementgroup.co.mz\/\",\"name\":\"Euro Solutions\",\"description\":\"Procurement | Produtos | Servi\u00e7os\",\"publisher\":{\"@id\":\"https:\/\/eurosolutions.implementgroup.co.mz\/#organization\"},\"potentialAction\":[{\"@type\":\"SearchAction\",\"target\":{\"@type\":\"EntryPoint\",\"urlTemplate\":\"https:\/\/eurosolutions.implementgroup.co.mz\/?s={search_term_string}\"},\"query-input\":\"required name=search_term_string\"}],\"inLanguage\":\"en-US\"},{\"@type\":\"Organization\",\"@id\":\"https:\/\/eurosolutions.implementgroup.co.mz\/#organization\",\"name\":\"Euro Solutions\",\"url\":\"https:\/\/eurosolutions.implementgroup.co.mz\/\",\"logo\":{\"@type\":\"ImageObject\",\"inLanguage\":\"en-US\",\"@id\":\"https:\/\/eurosolutions.implementgroup.co.mz\/#\/schema\/logo\/image\/\",\"url\":\"https:\/\/eurosolutions.implementgroup.co.mz\/wp-content\/uploads\/2024\/04\/sdfsdf.png\",\"contentUrl\":\"https:\/\/eurosolutions.implementgroup.co.mz\/wp-content\/uploads\/2024\/04\/sdfsdf.png\",\"width\":300,\"height\":60,\"caption\":\"Euro Solutions\"},\"image\":{\"@id\":\"https:\/\/eurosolutions.implementgroup.co.mz\/#\/schema\/logo\/image\/\"},\"sameAs\":[\"https:\/\/www.instagram.com\/icreative.mz\/\"]}]}<\/script>\n<!-- \/ Yoast SEO Premium plugin. -->","yoast_head_json":{"title":"In\u00edcio - Euro Solutions","description":"A Euro Solutions \u00e9 uma empresa Mo\u00e7ambicana,que actua no mercado desde 2019 no fornecimento de material inform\u00e1tico, electrodom\u00e9sticos, electr\u00f4nicos, consolas, celulares, sistemas e entre outros produtos, lidando tamb\u00e9m com a presta\u00e7\u00e3o de servi\u00e7os de montagem e manuten\u00e7\u00f5es de ar condicionados.","robots":{"index":"index","follow":"follow","max-snippet":"max-snippet:-1","max-image-preview":"max-image-preview:large","max-video-preview":"max-video-preview:-1"},"canonical":"https:\/\/eurosolutions.implementgroup.co.mz\/","og_locale":"en_US","og_type":"article","og_title":"In\u00edcio - Euro Solutions","og_description":"A Euro Solutions \u00e9 uma empresa Mo\u00e7ambicana,que actua no mercado desde 2019 no fornecimento de material inform\u00e1tico, electrodom\u00e9sticos, electr\u00f4nicos, consolas, celulares, sistemas e entre outros produtos, lidando tamb\u00e9m com a presta\u00e7\u00e3o de servi\u00e7os de montagem e manuten\u00e7\u00f5es de ar condicionados.","og_url":"https:\/\/eurosolutions.implementgroup.co.mz\/","og_site_name":"Euro Solutions","article_modified_time":"2024-05-06T13:45:25+00:00","twitter_card":"summary_large_image","twitter_misc":{"Est. reading time":"1 minute"},"schema":{"@context":"https:\/\/schema.org","@graph":[{"@type":"WebPage","@id":"https:\/\/eurosolutions.implementgroup.co.mz\/","url":"https:\/\/eurosolutions.implementgroup.co.mz\/","name":"In\u00edcio - Euro Solutions","isPartOf":{"@id":"https:\/\/eurosolutions.implementgroup.co.mz\/#website"},"datePublished":"2024-05-06T13:42:50+00:00","dateModified":"2024-05-06T13:45:25+00:00","description":"A Euro Solutions \u00e9 uma empresa Mo\u00e7ambicana,que actua no mercado desde 2019 no fornecimento de material inform\u00e1tico, electrodom\u00e9sticos, electr\u00f4nicos, consolas, celulares, sistemas e entre outros produtos, lidando tamb\u00e9m com a presta\u00e7\u00e3o de servi\u00e7os de montagem e manuten\u00e7\u00f5es de ar condicionados.","inLanguage":"en-US","potentialAction":[{"@type":"ReadAction","target":["https:\/\/eurosolutions.implementgroup.co.mz\/"]}]},{"@type":"WebSite","@id":"https:\/\/eurosolutions.implementgroup.co.mz\/#website","url":"https:\/\/eurosolutions.implementgroup.co.mz\/","name":"Euro Solutions","description":"Procurement | Produtos | Servi\u00e7os","publisher":{"@id":"https:\/\/eurosolutions.implementgroup.co.mz\/#organization"},"potentialAction":[{"@type":"SearchAction","target":{"@type":"EntryPoint","urlTemplate":"https:\/\/eurosolutions.implementgroup.co.mz\/?s={search_term_string}"},"query-input":"required name=search_term_string"}],"inLanguage":"en-US"},{"@type":"Organization","@id":"https:\/\/eurosolutions.implementgroup.co.mz\/#organization","name":"Euro Solutions","url":"https:\/\/eurosolutions.implementgroup.co.mz\/","logo":{"@type":"ImageObject","inLanguage":"en-US","@id":"https:\/\/eurosolutions.implementgroup.co.mz\/#\/schema\/logo\/image\/","url":"https:\/\/eurosolutions.implementgroup.co.mz\/wp-content\/uploads\/2024\/04\/sdfsdf.png","contentUrl":"https:\/\/eurosolutions.implementgroup.co.mz\/wp-content\/uploads\/2024\/04\/sdfsdf.png","width":300,"height":60,"caption":"Euro Solutions"},"image":{"@id":"https:\/\/eurosolutions.implementgroup.co.mz\/#\/schema\/logo\/image\/"},"sameAs":["https:\/\/www.instagram.com\/icreative.mz\/"]}]}},"_links":{"self":[{"href":"https:\/\/eurosolutions.implementgroup.co.mz\/index.php\/wp-json\/wp\/v2\/pages\/3251"}],"collection":[{"href":"https:\/\/eurosolutions.implementgroup.co.mz\/index.php\/wp-json\/wp\/v2\/pages"}],"about":[{"href":"https:\/\/eurosolutions.implementgroup.co.mz\/index.php\/wp-json\/wp\/v2\/types\/page"}],"author":[{"embeddable":true,"href":"https:\/\/eurosolutions.implementgroup.co.mz\/index.php\/wp-json\/wp\/v2\/users\/1"}],"replies":[{"embeddable":true,"href":"https:\/\/eurosolutions.implementgroup.co.mz\/index.php\/wp-json\/wp\/v2\/comments?post=3251"}],"version-history":[{"count":0,"href":"https:\/\/eurosolutions.implementgroup.co.mz\/index.php\/wp-json\/wp\/v2\/pages\/3251\/revisions"}],"wp:attachment":[{"href":"https:\/\/eurosolutions.implementgroup.co.mz\/index.php\/wp-json\/wp\/v2\/media?parent=3251"}],"curies":[{"name":"wp","href":"https:\/\/api.w.org\/{rel}","templated":true}]}}